{"id":3469,"date":"2024-05-30T12:20:33","date_gmt":"2024-05-30T10:20:33","guid":{"rendered":"https:\/\/www.tomazgorec.si\/trgovina\/?post_type=product&#038;p=3469"},"modified":"2025-06-05T07:48:48","modified_gmt":"2025-06-05T05:48:48","slug":"moska-majica-lepote-slovenije-crne-barve","status":"publish","type":"product","link":"https:\/\/www.tomazgorec.si\/trgovina\/moska-majica-lepote-slovenije-crne-barve\/","title":{"rendered":"Mo\u0161ka majica &#8220;Lepote Slovenije&#8221; \u010drne barve"},"content":{"rendered":"<ul>\n<li>Material: 100% bomba\u017e<\/li>\n<\/ul>\n","protected":false},"excerpt":{"rendered":"<p>Kvalitetna \u010drna mo\u0161ka majica z logotipom &#8220;Lepote Slovenije&#8221; z obstojnim potiskom.<\/p>\n<p>Majica je izdelana iz 100% bomba\u017ea, ter ima okrogel izrez obi\u010dajnega kroja.<\/p>\n","protected":false},"featured_media":3471,"template":"","meta":[],"product_brand":[],"product_cat":[91],"product_tag":[],"class_list":{"0":"post-3469","1":"product","2":"type-product","3":"status-publish","4":"has-post-thumbnail","6":"product_cat-majice","8":"first","9":"instock","10":"taxable","11":"shipping-taxable","12":"purchasable","13":"product-type-variable"},"yoast_head":"<!-- This site is optimized with the Yoast SEO plugin v27.3 - https:\/\/yoast.com\/product\/yoast-seo-wordpress\/ -->\n<title>Mo\u0161ka majica &quot;Lepote Slovenije&quot; \u010drne barve - Spletna trgovina Toma\u017e Gorec<\/title>\n<meta name=\"robots\" content=\"index, follow, max-snippet:-1, max-image-preview:large, max-video-preview:-1\" \/>\n<link rel=\"canonical\" href=\"https:\/\/www.tomazgorec.si\/trgovina\/moska-majica-lepote-slovenije-crne-barve\/\" \/>\n<meta property=\"og:locale\" content=\"sl_SI\" \/>\n<meta property=\"og:type\" content=\"article\" \/>\n<meta property=\"og:title\" content=\"Mo\u0161ka majica &quot;Lepote Slovenije&quot; \u010drne barve - Spletna trgovina Toma\u017e Gorec\" \/>\n<meta property=\"og:description\" content=\"Kvalitetna \u010drna mo\u0161ka majica z logotipom &quot;Lepote Slovenije&quot; z obstojnim potiskom.  Majica je izdelana iz 100% bomba\u017ea, ter ima okrogel izrez obi\u010dajnega kroja.\" \/>\n<meta property=\"og:url\" content=\"https:\/\/www.tomazgorec.si\/trgovina\/moska-majica-lepote-slovenije-crne-barve\/\" \/>\n<meta property=\"og:site_name\" content=\"Spletna trgovina Toma\u017e Gorec\" \/>\n<meta property=\"article:publisher\" content=\"https:\/\/www.facebook.com\/Potovanja.Podjetnistvo\/\" \/>\n<meta property=\"article:modified_time\" content=\"2025-06-05T05:48:48+00:00\" \/>\n<meta property=\"og:image\" content=\"https:\/\/www.tomazgorec.si\/trgovina\/wp-content\/uploads\/2024\/04\/lepote-slovenije-moska-crna-majica.jpg\" \/>\n\t<meta property=\"og:image:width\" content=\"900\" \/>\n\t<meta property=\"og:image:height\" content=\"900\" \/>\n\t<meta property=\"og:image:type\" content=\"image\/jpeg\" \/>\n<meta name=\"twitter:card\" content=\"summary_large_image\" \/>\n<meta name=\"twitter:site\" content=\"@tomazgorec\" \/>\n<meta name=\"twitter:label1\" content=\"Est. reading time\" \/>\n\t<meta name=\"twitter:data1\" content=\"1 minuta\" \/>\n<script type=\"application\/ld+json\" class=\"yoast-schema-graph\">{\"@context\":\"https:\\\/\\\/schema.org\",\"@graph\":[{\"@type\":\"WebPage\",\"@id\":\"https:\\\/\\\/www.tomazgorec.si\\\/trgovina\\\/moska-majica-lepote-slovenije-crne-barve\\\/\",\"url\":\"https:\\\/\\\/www.tomazgorec.si\\\/trgovina\\\/moska-majica-lepote-slovenije-crne-barve\\\/\",\"name\":\"Mo\u0161ka majica \\\"Lepote Slovenije\\\" \u010drne barve - Spletna trgovina Toma\u017e Gorec\",\"isPartOf\":{\"@id\":\"https:\\\/\\\/www.tomazgorec.si\\\/trgovina\\\/#website\"},\"primaryImageOfPage\":{\"@id\":\"https:\\\/\\\/www.tomazgorec.si\\\/trgovina\\\/moska-majica-lepote-slovenije-crne-barve\\\/#primaryimage\"},\"image\":{\"@id\":\"https:\\\/\\\/www.tomazgorec.si\\\/trgovina\\\/moska-majica-lepote-slovenije-crne-barve\\\/#primaryimage\"},\"thumbnailUrl\":\"https:\\\/\\\/www.tomazgorec.si\\\/trgovina\\\/wp-content\\\/uploads\\\/2024\\\/04\\\/lepote-slovenije-moska-crna-majica.jpg\",\"datePublished\":\"2024-05-30T10:20:33+00:00\",\"dateModified\":\"2025-06-05T05:48:48+00:00\",\"breadcrumb\":{\"@id\":\"https:\\\/\\\/www.tomazgorec.si\\\/trgovina\\\/moska-majica-lepote-slovenije-crne-barve\\\/#breadcrumb\"},\"inLanguage\":\"sl-SI\",\"potentialAction\":[{\"@type\":\"ReadAction\",\"target\":[\"https:\\\/\\\/www.tomazgorec.si\\\/trgovina\\\/moska-majica-lepote-slovenije-crne-barve\\\/\"]}]},{\"@type\":\"ImageObject\",\"inLanguage\":\"sl-SI\",\"@id\":\"https:\\\/\\\/www.tomazgorec.si\\\/trgovina\\\/moska-majica-lepote-slovenije-crne-barve\\\/#primaryimage\",\"url\":\"https:\\\/\\\/www.tomazgorec.si\\\/trgovina\\\/wp-content\\\/uploads\\\/2024\\\/04\\\/lepote-slovenije-moska-crna-majica.jpg\",\"contentUrl\":\"https:\\\/\\\/www.tomazgorec.si\\\/trgovina\\\/wp-content\\\/uploads\\\/2024\\\/04\\\/lepote-slovenije-moska-crna-majica.jpg\",\"width\":900,\"height\":900,\"caption\":\"Mo\u0161ka majica \\\"Lepote Slovenije\\\" \u010drne barve\"},{\"@type\":\"BreadcrumbList\",\"@id\":\"https:\\\/\\\/www.tomazgorec.si\\\/trgovina\\\/moska-majica-lepote-slovenije-crne-barve\\\/#breadcrumb\",\"itemListElement\":[{\"@type\":\"ListItem\",\"position\":1,\"name\":\"Domov\",\"item\":\"https:\\\/\\\/www.tomazgorec.si\\\/trgovina\\\/\"},{\"@type\":\"ListItem\",\"position\":2,\"name\":\"Trgovina\",\"item\":\"https:\\\/\\\/www.tomazgorec.si\\\/trgovina\\\/trgovina\\\/\"},{\"@type\":\"ListItem\",\"position\":3,\"name\":\"Mo\u0161ka majica &#8220;Lepote Slovenije&#8221; \u010drne barve\"}]},{\"@type\":\"WebSite\",\"@id\":\"https:\\\/\\\/www.tomazgorec.si\\\/trgovina\\\/#website\",\"url\":\"https:\\\/\\\/www.tomazgorec.si\\\/trgovina\\\/\",\"name\":\"Spletna trgovina Toma\u017e Gorec\",\"description\":\"\",\"publisher\":{\"@id\":\"https:\\\/\\\/www.tomazgorec.si\\\/trgovina\\\/#organization\"},\"potentialAction\":[{\"@type\":\"SearchAction\",\"target\":{\"@type\":\"EntryPoint\",\"urlTemplate\":\"https:\\\/\\\/www.tomazgorec.si\\\/trgovina\\\/?s={search_term_string}\"},\"query-input\":{\"@type\":\"PropertyValueSpecification\",\"valueRequired\":true,\"valueName\":\"search_term_string\"}}],\"inLanguage\":\"sl-SI\"},{\"@type\":\"Organization\",\"@id\":\"https:\\\/\\\/www.tomazgorec.si\\\/trgovina\\\/#organization\",\"name\":\"Spletna trgovina Toma\u017e Gorec\",\"url\":\"https:\\\/\\\/www.tomazgorec.si\\\/trgovina\\\/\",\"logo\":{\"@type\":\"ImageObject\",\"inLanguage\":\"sl-SI\",\"@id\":\"https:\\\/\\\/www.tomazgorec.si\\\/trgovina\\\/#\\\/schema\\\/logo\\\/image\\\/\",\"url\":\"https:\\\/\\\/www.tomazgorec.si\\\/trgovina\\\/wp-content\\\/uploads\\\/2024\\\/04\\\/tomaz-gorec-logo.png\",\"contentUrl\":\"https:\\\/\\\/www.tomazgorec.si\\\/trgovina\\\/wp-content\\\/uploads\\\/2024\\\/04\\\/tomaz-gorec-logo.png\",\"width\":400,\"height\":120,\"caption\":\"Spletna trgovina Toma\u017e Gorec\"},\"image\":{\"@id\":\"https:\\\/\\\/www.tomazgorec.si\\\/trgovina\\\/#\\\/schema\\\/logo\\\/image\\\/\"},\"sameAs\":[\"https:\\\/\\\/www.facebook.com\\\/Potovanja.Podjetnistvo\\\/\",\"https:\\\/\\\/x.com\\\/tomazgorec\",\"https:\\\/\\\/www.youtube.com\\\/@tomazgorec\",\"https:\\\/\\\/www.instagram.com\\\/tomazgorec\\\/\",\"https:\\\/\\\/www.tiktok.com\\\/@tomazgorec\"]}]}<\/script>\n<!-- \/ Yoast SEO plugin. -->","yoast_head_json":{"title":"Mo\u0161ka majica \"Lepote Slovenije\" \u010drne barve - Spletna trgovina Toma\u017e Gorec","robots":{"index":"index","follow":"follow","max-snippet":"max-snippet:-1","max-image-preview":"max-image-preview:large","max-video-preview":"max-video-preview:-1"},"canonical":"https:\/\/www.tomazgorec.si\/trgovina\/moska-majica-lepote-slovenije-crne-barve\/","og_locale":"sl_SI","og_type":"article","og_title":"Mo\u0161ka majica \"Lepote Slovenije\" \u010drne barve - Spletna trgovina Toma\u017e Gorec","og_description":"Kvalitetna \u010drna mo\u0161ka majica z logotipom \"Lepote Slovenije\" z obstojnim potiskom.  Majica je izdelana iz 100% bomba\u017ea, ter ima okrogel izrez obi\u010dajnega kroja.","og_url":"https:\/\/www.tomazgorec.si\/trgovina\/moska-majica-lepote-slovenije-crne-barve\/","og_site_name":"Spletna trgovina Toma\u017e Gorec","article_publisher":"https:\/\/www.facebook.com\/Potovanja.Podjetnistvo\/","article_modified_time":"2025-06-05T05:48:48+00:00","og_image":[{"width":900,"height":900,"url":"https:\/\/www.tomazgorec.si\/trgovina\/wp-content\/uploads\/2024\/04\/lepote-slovenije-moska-crna-majica.jpg","type":"image\/jpeg"}],"twitter_card":"summary_large_image","twitter_site":"@tomazgorec","twitter_misc":{"Est. reading time":"1 minuta"},"schema":{"@context":"https:\/\/schema.org","@graph":[{"@type":"WebPage","@id":"https:\/\/www.tomazgorec.si\/trgovina\/moska-majica-lepote-slovenije-crne-barve\/","url":"https:\/\/www.tomazgorec.si\/trgovina\/moska-majica-lepote-slovenije-crne-barve\/","name":"Mo\u0161ka majica \"Lepote Slovenije\" \u010drne barve - Spletna trgovina Toma\u017e Gorec","isPartOf":{"@id":"https:\/\/www.tomazgorec.si\/trgovina\/#website"},"primaryImageOfPage":{"@id":"https:\/\/www.tomazgorec.si\/trgovina\/moska-majica-lepote-slovenije-crne-barve\/#primaryimage"},"image":{"@id":"https:\/\/www.tomazgorec.si\/trgovina\/moska-majica-lepote-slovenije-crne-barve\/#primaryimage"},"thumbnailUrl":"https:\/\/www.tomazgorec.si\/trgovina\/wp-content\/uploads\/2024\/04\/lepote-slovenije-moska-crna-majica.jpg","datePublished":"2024-05-30T10:20:33+00:00","dateModified":"2025-06-05T05:48:48+00:00","breadcrumb":{"@id":"https:\/\/www.tomazgorec.si\/trgovina\/moska-majica-lepote-slovenije-crne-barve\/#breadcrumb"},"inLanguage":"sl-SI","potentialAction":[{"@type":"ReadAction","target":["https:\/\/www.tomazgorec.si\/trgovina\/moska-majica-lepote-slovenije-crne-barve\/"]}]},{"@type":"ImageObject","inLanguage":"sl-SI","@id":"https:\/\/www.tomazgorec.si\/trgovina\/moska-majica-lepote-slovenije-crne-barve\/#primaryimage","url":"https:\/\/www.tomazgorec.si\/trgovina\/wp-content\/uploads\/2024\/04\/lepote-slovenije-moska-crna-majica.jpg","contentUrl":"https:\/\/www.tomazgorec.si\/trgovina\/wp-content\/uploads\/2024\/04\/lepote-slovenije-moska-crna-majica.jpg","width":900,"height":900,"caption":"Mo\u0161ka majica \"Lepote Slovenije\" \u010drne barve"},{"@type":"BreadcrumbList","@id":"https:\/\/www.tomazgorec.si\/trgovina\/moska-majica-lepote-slovenije-crne-barve\/#breadcrumb","itemListElement":[{"@type":"ListItem","position":1,"name":"Domov","item":"https:\/\/www.tomazgorec.si\/trgovina\/"},{"@type":"ListItem","position":2,"name":"Trgovina","item":"https:\/\/www.tomazgorec.si\/trgovina\/trgovina\/"},{"@type":"ListItem","position":3,"name":"Mo\u0161ka majica &#8220;Lepote Slovenije&#8221; \u010drne barve"}]},{"@type":"WebSite","@id":"https:\/\/www.tomazgorec.si\/trgovina\/#website","url":"https:\/\/www.tomazgorec.si\/trgovina\/","name":"Spletna trgovina Toma\u017e Gorec","description":"","publisher":{"@id":"https:\/\/www.tomazgorec.si\/trgovina\/#organization"},"potentialAction":[{"@type":"SearchAction","target":{"@type":"EntryPoint","urlTemplate":"https:\/\/www.tomazgorec.si\/trgovina\/?s={search_term_string}"},"query-input":{"@type":"PropertyValueSpecification","valueRequired":true,"valueName":"search_term_string"}}],"inLanguage":"sl-SI"},{"@type":"Organization","@id":"https:\/\/www.tomazgorec.si\/trgovina\/#organization","name":"Spletna trgovina Toma\u017e Gorec","url":"https:\/\/www.tomazgorec.si\/trgovina\/","logo":{"@type":"ImageObject","inLanguage":"sl-SI","@id":"https:\/\/www.tomazgorec.si\/trgovina\/#\/schema\/logo\/image\/","url":"https:\/\/www.tomazgorec.si\/trgovina\/wp-content\/uploads\/2024\/04\/tomaz-gorec-logo.png","contentUrl":"https:\/\/www.tomazgorec.si\/trgovina\/wp-content\/uploads\/2024\/04\/tomaz-gorec-logo.png","width":400,"height":120,"caption":"Spletna trgovina Toma\u017e Gorec"},"image":{"@id":"https:\/\/www.tomazgorec.si\/trgovina\/#\/schema\/logo\/image\/"},"sameAs":["https:\/\/www.facebook.com\/Potovanja.Podjetnistvo\/","https:\/\/x.com\/tomazgorec","https:\/\/www.youtube.com\/@tomazgorec","https:\/\/www.instagram.com\/tomazgorec\/","https:\/\/www.tiktok.com\/@tomazgorec"]}]}},"_links":{"self":[{"href":"https:\/\/www.tomazgorec.si\/trgovina\/wp-json\/wp\/v2\/product\/3469","targetHints":{"allow":["GET"]}}],"collection":[{"href":"https:\/\/www.tomazgorec.si\/trgovina\/wp-json\/wp\/v2\/product"}],"about":[{"href":"https:\/\/www.tomazgorec.si\/trgovina\/wp-json\/wp\/v2\/types\/product"}],"wp:featuredmedia":[{"embeddable":true,"href":"https:\/\/www.tomazgorec.si\/trgovina\/wp-json\/wp\/v2\/media\/3471"}],"wp:attachment":[{"href":"https:\/\/www.tomazgorec.si\/trgovina\/wp-json\/wp\/v2\/media?parent=3469"}],"wp:term":[{"taxonomy":"product_brand","embeddable":true,"href":"https:\/\/www.tomazgorec.si\/trgovina\/wp-json\/wp\/v2\/product_brand?post=3469"},{"taxonomy":"product_cat","embeddable":true,"href":"https:\/\/www.tomazgorec.si\/trgovina\/wp-json\/wp\/v2\/product_cat?post=3469"},{"taxonomy":"product_tag","embeddable":true,"href":"https:\/\/www.tomazgorec.si\/trgovina\/wp-json\/wp\/v2\/product_tag?post=3469"}],"curies":[{"name":"wp","href":"https:\/\/api.w.org\/{rel}","templated":true}]}}